{"id":582,"date":"2018-12-09T06:00:27","date_gmt":"2018-12-09T04:00:27","guid":{"rendered":"https:\/\/www.nordstein.at\/literatur\/?page_id=582"},"modified":"2018-12-08T20:07:14","modified_gmt":"2018-12-08T18:07:14","slug":"teilnahmebedingungen","status":"publish","type":"page","link":"https:\/\/www.nordstein.at\/literatur\/teilnahmebedingungen\/","title":{"rendered":"Allgemeine Teilnahmebedingungen"},"content":{"rendered":"<p>Teilnahme<\/p>\n<p>Teilnahmeberechtigt sind alle Personen \u00fcber 18, die ihren Wohnsitz in \u00d6sterreich haben. Die GewinnerInnen werden nach Ende des Gewinnspiels per E-Mail benachrichtigt. Wenn sich die GewinnerInnen nicht innerhalb von drei Tagen nach der Kontaktaufnahme zur\u00fcckmelden, verf\u00e4llt der Gewinn und es wird neu ausgelost. Ist die Gewinnbenachrichtigung nicht zustellbar, ist nordstein nicht verpflichtet, weitere Nachforschungen anzustellen.<\/p>\n<p>Gewinn<\/p>\n<p>Die Karten werden den GewinnerInnen per Post an die angegebene Wohnadresse geliefert. Mit der Nutzung des Tickets akzeptiert der\/die GewinnerIn die dem Ticket zugrundeliegenden Bedingungen des jeweiligen Kinoveranstalters. Die Abwicklung des Ticketgewinns erfolgt ausschlie\u00dflich im direkten Kontakt zwischen dem\/der GewinnerIn und dem jeweiligen Ticketanbieter\/Konzertveranstalter. Sofern Veranstaltungen abgesagt oder verschoben werden, k\u00f6nnen wir keinen Ersatz anbieten. nordstein beh\u00e4lt sich vor, dem Gewinner anstelle eines Tickets einen G\u00e4stelistenplatz f\u00fcr die Veranstaltung zur Verf\u00fcgung zu stellen.<\/p>\n<p>Sonstiges<\/p>\n<p>Gewinnspiele k\u00f6nnen von nordstein in Kooperation mit verschiedenen Partnern (Kooperationspartner), die ggf. die Preise zur Verf\u00fcgung stellen (Preissponsor), durchgef\u00fchrt werden. nordstein vertritt die Kooperationspartner w\u00e4hrend der Durchf\u00fchrung des Gewinnspiels und verspricht die von ihnen gestifteten Preise allein in deren Namen. nordstein wird hierdurch nicht zu einer eigenen Leistung verpflichtet. Die erhobenen personenbezogenen Daten werden von uns zum Zwecke der Durchf\u00fchrung des Gewinnspiels genutzt. nordstein ist in diesem Zusammenhang berechtigt, die Daten des Gewinners\/der Gewinnerin an Kooperationspartner zu \u00fcbermitteln, um so die Auslieferung des Gewinns zu erm\u00f6glichen.<\/p>\n<p>Wir behalten uns vor, das Gewinnspiel jederzeit ohne Vorank\u00fcndigung und ohne Angabe von Gr\u00fcnden vorzeitig zu beenden oder zeitlich auszudehnen. Dies gilt insbesondere, falls eine ordnungsgem\u00e4\u00dfe Durchf\u00fchrung aus technischen oder rechtlichen Gr\u00fcnden nicht gew\u00e4hrleistet werden kann. Den TeilnehmerInnen stehen in einem solchen Fall keinerlei Anspr\u00fcche gegen nordstein zu. Verlorengegangene Pakete\/P\u00e4ckchen werden von nordstein nicht ersetzt. Gewinnanspr\u00fcche sind nicht \u00fcbertragbar. Barauszahlung ist nicht m\u00f6glich. Der Rechtsweg ist ausgeschlossen.<\/p>\n","protected":false},"excerpt":{"rendered":"<p>Teilnahme Teilnahmeberechtigt sind alle Personen \u00fcber 18, die ihren Wohnsitz in \u00d6sterreich haben. Die GewinnerInnen werden nach Ende des Gewinnspiels per E-Mail benachrichtigt. Wenn sich die GewinnerInnen nicht innerhalb von drei Tagen nach der Kontaktaufnahme zur\u00fcckmelden, verf\u00e4llt der Gewinn und es wird neu ausgelost. Ist die Gewinnbenachrichtigung nicht zustellbar, ist nordstein nicht verpflichtet, weitere Nachforschungen &hellip; <a href=\"https:\/\/www.nordstein.at\/literatur\/teilnahmebedingungen\/\" class=\"more-link\"><span class=\"screen-reader-text\">Allgemeine Teilnahmebedingungen<\/span> weiterlesen<\/a><\/p>\n","protected":false},"author":2,"featured_media":0,"parent":0,"menu_order":0,"comment_status":"closed","ping_status":"closed","template":"","meta":{"footnotes":""},"_links":{"self":[{"href":"https:\/\/www.nordstein.at\/literatur\/wp-json\/wp\/v2\/pages\/582"}],"collection":[{"href":"https:\/\/www.nordstein.at\/literatur\/wp-json\/wp\/v2\/pages"}],"about":[{"href":"https:\/\/www.nordstein.at\/literatur\/wp-json\/wp\/v2\/types\/page"}],"author":[{"embeddable":true,"href":"https:\/\/www.nordstein.at\/literatur\/wp-json\/wp\/v2\/users\/2"}],"replies":[{"embeddable":true,"href":"https:\/\/www.nordstein.at\/literatur\/wp-json\/wp\/v2\/comments?post=582"}],"version-history":[{"count":3,"href":"https:\/\/www.nordstein.at\/literatur\/wp-json\/wp\/v2\/pages\/582\/revisions"}],"predecessor-version":[{"id":589,"href":"https:\/\/www.nordstein.at\/literatur\/wp-json\/wp\/v2\/pages\/582\/revisions\/589"}],"wp:attachment":[{"href":"https:\/\/www.nordstein.at\/literatur\/wp-json\/wp\/v2\/media?parent=582"}],"curies":[{"name":"wp","href":"https:\/\/api.w.org\/{rel}","templated":true}]}}