{"id":104,"date":"2015-06-18T13:07:03","date_gmt":"2015-06-18T11:07:03","guid":{"rendered":"http:\/\/www.nordstein.at\/literatur\/?page_id=104"},"modified":"2018-07-21T15:13:36","modified_gmt":"2018-07-21T13:13:36","slug":"ueber-nordstein","status":"publish","type":"page","link":"https:\/\/www.nordstein.at\/literatur\/ueber-nordstein\/","title":{"rendered":"\u00fcber nordstein"},"content":{"rendered":"<p>Liebe Leser*innen!<\/p>\n<p>Ich freue mich, dass Ihr zu meinem Blog gefunden habt! Wahrscheinlich verbindet uns das Interesse an B\u00fcchern und\/oder dem Norden. Mich zieht es immer schon nordw\u00e4rts, am besten mit B\u00fcchern im Gep\u00e4ck. Und wenn ich nicht auf Reisen sein kann, dann bleibt immer noch das Lesen. Es war also auch ganz logisch, dass ich mich seinerzeit f\u00fcr das Studienfach Skandinavistik entschieden habe.<\/p>\n<p>Seit \u00fcber f\u00fcnfzehn Jahren schreibe ich nun au\u00dferdem schon Rezensionen f\u00fcr die\u00a0feministische Rezensionszeitschrift <a href=\"http:\/\/www.weiberdiwan.at\" target=\"_blank\" rel=\"noopener\">WeiberDiwan<\/a>, darunter viele zu skandinavischen B\u00fcchern. Diese bilden die Grundlage f\u00fcr diesen Blog, waren gewisserma\u00dfen der Anlass, meine Sammlung nordischer Lekt\u00fcre zusammenzuf\u00fchren und weiter darauf aufzubauen.<\/p>\n<p>Aber was meine ich denn eigentlich, wenn ich von &#8222;Norden&#8220; spreche? Je nachdem ob eine geografische, geologische, sprachwissenschaftliche oder politische Perspektive eingenommen wird, umfassen die Bezeichnungen &#8222;Skandinavien&#8220; oder &#8222;nordische L\u00e4nder&#8220; eine andere Gruppe von Staaten. F\u00fcr mich z\u00e4hlen jedenfalls jene L\u00e4nder dazu, die auch Mitglieder im Nordischen Rat sind, also D\u00e4nemark, Norwegen, Schweden, Finnland, Island sowie \u00c5land, die F\u00e4r\u00f6er und Gr\u00f6nland. Gleichzeitig ist das eine sehr strikte Einteilung nach Staatsgrenzen. Meine emotionale Grenze in den Norden \u00fcberschreite ich bei einer Bahn- oder Autofahrt meist ungef\u00e4hr in Hamburg, weshalb ich hier auch \u00fcber B\u00fccher schreibe, die in Norddeutschland, oft an Nord- oder Ostsee, handeln. Mal sehen, wie sich diese Begrenzungen in Zukunft verschieben.<\/p>\n<p>Aber nun genug von mir, ich w\u00fcnsche viel Vergn\u00fcgen auf meinem Blog und freue mich auch \u00fcber Kommentare!<\/p>\n<p style=\"font-size: 1.3em; font-family: 'Emblema One';\"><strong>nordstein<\/strong><\/p>\n<p>P.S.: Die meisten\u00a0bisher rezensierten B\u00fccher habe ich entweder gekauft, geschenkt bekommen oder es sind B\u00fccher, die ich auch f\u00fcr die feministische Rezensionszeitschrift <a href=\"http:\/\/www.weiberdiwan.at\">WeiberDiwan<\/a> besprochen habe, wof\u00fcr sie mir von den jeweiligen Verlagen als Rezensionsexemplar zur Verf\u00fcgung gestellt wurden. Gerne nehme ich Rezensionsexemplare auch direkt entgegen.<\/p>\n<p>&nbsp;<\/p>\n","protected":false},"excerpt":{"rendered":"<p>Liebe Leser*innen! Ich freue mich, dass Ihr zu meinem Blog gefunden habt! Wahrscheinlich verbindet uns das Interesse an B\u00fcchern und\/oder dem Norden. Mich zieht es immer schon nordw\u00e4rts, am besten mit B\u00fcchern im Gep\u00e4ck. Und wenn ich nicht auf Reisen sein kann, dann bleibt immer noch das Lesen. Es war also auch ganz logisch, dass &hellip; <a href=\"https:\/\/www.nordstein.at\/literatur\/ueber-nordstein\/\" class=\"more-link\"><span class=\"screen-reader-text\">\u00fcber nordstein<\/span> weiterlesen<\/a><\/p>\n","protected":false},"author":2,"featured_media":0,"parent":0,"menu_order":1,"comment_status":"open","ping_status":"closed","template":"","meta":{"footnotes":""},"_links":{"self":[{"href":"https:\/\/www.nordstein.at\/literatur\/wp-json\/wp\/v2\/pages\/104"}],"collection":[{"href":"https:\/\/www.nordstein.at\/literatur\/wp-json\/wp\/v2\/pages"}],"about":[{"href":"https:\/\/www.nordstein.at\/literatur\/wp-json\/wp\/v2\/types\/page"}],"author":[{"embeddable":true,"href":"https:\/\/www.nordstein.at\/literatur\/wp-json\/wp\/v2\/users\/2"}],"replies":[{"embeddable":true,"href":"https:\/\/www.nordstein.at\/literatur\/wp-json\/wp\/v2\/comments?post=104"}],"version-history":[{"count":3,"href":"https:\/\/www.nordstein.at\/literatur\/wp-json\/wp\/v2\/pages\/104\/revisions"}],"predecessor-version":[{"id":502,"href":"https:\/\/www.nordstein.at\/literatur\/wp-json\/wp\/v2\/pages\/104\/revisions\/502"}],"wp:attachment":[{"href":"https:\/\/www.nordstein.at\/literatur\/wp-json\/wp\/v2\/media?parent=104"}],"curies":[{"name":"wp","href":"https:\/\/api.w.org\/{rel}","templated":true}]}}